{"id":18,"date":"2022-06-18T01:05:35","date_gmt":"2022-06-17T22:05:35","guid":{"rendered":"http:\/\/tangotech.com.tr\/?page_id=18"},"modified":"2022-07-20T23:22:16","modified_gmt":"2022-07-20T20:22:16","slug":"iletisim","status":"publish","type":"page","link":"https:\/\/tangotech.com.tr\/en\/iletisim\/","title":{"rendered":"<p>Contact Us<\/p>"},"content":{"rendered":"<div data-elementor-type=\"wp-page\" data-elementor-id=\"18\" class=\"elementor elementor-18\">\n\t\t\t\t\t\t\t\t\t<section class=\"elementor-section elementor-top-section elementor-element elementor-element-d865fd5 elementor-section-boxed elementor-section-height-default elementor-section-height-default\" data-id=\"d865fd5\" data-element_type=\"section\">\n\t\t\t\t\t\t<div class=\"elementor-container elementor-column-gap-default\">\n\t\t\t\t\t<div class=\"elementor-column elementor-col-100 elementor-top-column elementor-element elementor-element-2b67556\" data-id=\"2b67556\" data-element_type=\"column\">\n\t\t\t<div class=\"elementor-widget-wrap elementor-element-populated\">\n\t\t\t\t\t\t\t\t<div class=\"elementor-element elementor-element-e2a5e05 elementor-widget__width-auto elementor-widget elementor-widget-heading\" data-id=\"e2a5e05\" data-element_type=\"widget\" data-widget_type=\"heading.default\">\n\t\t\t\t<div class=\"elementor-widget-container\">\n\t\t\t<style>\/*! elementor - v3.6.6 - 08-06-2022 *\/\n.elementor-heading-title{padding:0;margin:0;line-height:1}.elementor-widget-heading .elementor-heading-title[class*=elementor-size-]>a{color:inherit;font-size:inherit;line-height:inherit}.elementor-widget-heading .elementor-heading-title.elementor-size-small{font-size:15px}.elementor-widget-heading .elementor-heading-title.elementor-size-medium{font-size:19px}.elementor-widget-heading .elementor-heading-title.elementor-size-large{font-size:29px}.elementor-widget-heading .elementor-heading-title.elementor-size-xl{font-size:39px}.elementor-widget-heading .elementor-heading-title.elementor-size-xxl{font-size:59px}<\/style><h2 class=\"elementor-heading-title elementor-size-default\">Address Informations<\/h2>\t\t<\/div>\n\t\t\t\t<\/div>\n\t\t\t\t\t<\/div>\n\t\t<\/div>\n\t\t\t\t\t\t\t<\/div>\n\t\t<\/section>\n\t\t\t\t<section class=\"elementor-section elementor-top-section elementor-element elementor-element-5c90a82 elementor-section-boxed elementor-section-height-default elementor-section-height-default\" data-id=\"5c90a82\" data-element_type=\"section\">\n\t\t\t\t\t\t<div class=\"elementor-container elementor-column-gap-default\">\n\t\t\t\t\t<div class=\"elementor-column elementor-col-50 elementor-top-column elementor-element elementor-element-8220b0b elementor-invisible\" data-id=\"8220b0b\" data-element_type=\"column\" data-settings='{\"animation\":\"fadeInLeft\"}'>\n\t\t\t<div class=\"elementor-widget-wrap elementor-element-populated\">\n\t\t\t\t\t\t\t\t<div class=\"elementor-element elementor-element-cefa1b5 elementor-widget elementor-widget-heading\" data-id=\"cefa1b5\" data-element_type=\"widget\" data-widget_type=\"heading.default\">\n\t\t\t\t<div class=\"elementor-widget-container\">\n\t\t\t<h2 class=\"elementor-heading-title elementor-size-default\">Address<\/h2>\t\t<\/div>\n\t\t\t\t<\/div>\n\t\t\t\t<div class=\"elementor-element elementor-element-70b89f8 elementor-widget elementor-widget-text-editor\" data-id=\"70b89f8\" data-element_type=\"widget\" data-widget_type=\"text-editor.default\">\n\t\t\t\t<div class=\"elementor-widget-container\">\n\t\t\t<style>\/*! elementor - v3.6.6 - 08-06-2022 *\/\n.elementor-widget-text-editor.elementor-drop-cap-view-stacked .elementor-drop-cap{background-color:#818a91;color:#fff}.elementor-widget-text-editor.elementor-drop-cap-view-framed .elementor-drop-cap{color:#818a91;border:3px solid;background-color:transparent}.elementor-widget-text-editor:not(.elementor-drop-cap-view-default) .elementor-drop-cap{margin-top:8px}.elementor-widget-text-editor:not(.elementor-drop-cap-view-default) .elementor-drop-cap-letter{width:1em;height:1em}.elementor-widget-text-editor .elementor-drop-cap{float:left;text-align:center;line-height:1;font-size:50px}.elementor-widget-text-editor .elementor-drop-cap-letter{display:inline-block}<\/style>\t\t\t\t<p>Bal\u0131kesir \u00dcniversitesi \u00c7a\u011f\u0131\u015f Yerle\u015fkesi, Alt\u0131eyl\u00fcl\/Bal\u0131kesir<\/p>\t\t\t\t\t\t<\/div>\n\t\t\t\t<\/div>\n\t\t\t\t<div class=\"elementor-element elementor-element-ad05ddf elementor-widget elementor-widget-heading\" data-id=\"ad05ddf\" data-element_type=\"widget\" data-widget_type=\"heading.default\">\n\t\t\t\t<div class=\"elementor-widget-container\">\n\t\t\t<h2 class=\"elementor-heading-title elementor-size-default\">Contact Information<\/h2>\t\t<\/div>\n\t\t\t\t<\/div>\n\t\t\t\t<div class=\"elementor-element elementor-element-0c9ca93 elementor-widget elementor-widget-text-editor\" data-id=\"0c9ca93\" data-element_type=\"widget\" data-widget_type=\"text-editor.default\">\n\t\t\t\t<div class=\"elementor-widget-container\">\n\t\t\t\t\t\t\t<p><a href=\"tel:+902666121200\">+90 266 612 12 00<\/a><\/p><p><a href=\"mailto:info@tangotech.com.tr\">info@tangotech.com.tr<\/a><\/p>\t\t\t\t\t\t<\/div>\n\t\t\t\t<\/div>\n\t\t\t\t<section class=\"elementor-section elementor-inner-section elementor-element elementor-element-f3ca971 elementor-section-boxed elementor-section-height-default elementor-section-height-default\" data-id=\"f3ca971\" data-element_type=\"section\">\n\t\t\t\t\t\t<div class=\"elementor-container elementor-column-gap-default\">\n\t\t\t\t\t<div class=\"elementor-column elementor-col-50 elementor-inner-column elementor-element elementor-element-723ec81\" data-id=\"723ec81\" data-element_type=\"column\">\n\t\t\t<div class=\"elementor-widget-wrap elementor-element-populated\">\n\t\t\t\t\t\t\t\t<div class=\"elementor-element elementor-element-16669a6 elementor-view-default elementor-widget elementor-widget-icon\" data-id=\"16669a6\" data-element_type=\"widget\" data-widget_type=\"icon.default\">\n\t\t\t\t<div class=\"elementor-widget-container\">\n\t\t\t\t\t<div class=\"elementor-icon-wrapper\">\n\t\t\t<a class=\"elementor-icon elementor-animation-grow\" href=\"https:\/\/tr.linkedin.com\/company\/tangotech-yaz%C4%B1l%C4%B1m-ve-dan%C4%B1%C5%9Fmanl%C4%B1k-ltd?trk=public_profile_experience-item_profile-section-card_image-click\">\n\t\t\t<i aria-hidden=\"true\" class=\"fab fa-linkedin-in\"><\/i>\t\t\t<\/a>\n\t\t<\/div>\n\t\t\t\t<\/div>\n\t\t\t\t<\/div>\n\t\t\t\t\t<\/div>\n\t\t<\/div>\n\t\t\t\t<div class=\"elementor-column elementor-col-50 elementor-inner-column elementor-element elementor-element-b8daf07\" data-id=\"b8daf07\" data-element_type=\"column\">\n\t\t\t<div class=\"elementor-widget-wrap elementor-element-populated\">\n\t\t\t\t\t\t\t\t<div class=\"elementor-element elementor-element-dfba20c elementor-view-default elementor-widget elementor-widget-icon\" data-id=\"dfba20c\" data-element_type=\"widget\" data-widget_type=\"icon.default\">\n\t\t\t\t<div class=\"elementor-widget-container\">\n\t\t\t\t\t<div class=\"elementor-icon-wrapper\">\n\t\t\t<a class=\"elementor-icon elementor-animation-grow\" href=\"tel:+905078199656\">\n\t\t\t<i aria-hidden=\"true\" class=\"fab fa-whatsapp\"><\/i>\t\t\t<\/a>\n\t\t<\/div>\n\t\t\t\t<\/div>\n\t\t\t\t<\/div>\n\t\t\t\t\t<\/div>\n\t\t<\/div>\n\t\t\t\t\t\t\t<\/div>\n\t\t<\/section>\n\t\t\t\t\t<\/div>\n\t\t<\/div>\n\t\t\t\t<div class=\"elementor-column elementor-col-50 elementor-top-column elementor-element elementor-element-f69e405\" data-id=\"f69e405\" data-element_type=\"column\">\n\t\t\t<div class=\"elementor-widget-wrap elementor-element-populated\">\n\t\t\t\t\t\t\t\t<div class=\"elementor-element elementor-element-402acd8 elementor-invisible elementor-widget elementor-widget-google_maps\" data-id=\"402acd8\" data-element_type=\"widget\" data-settings='{\"_animation\":\"fadeInRight\"}' data-widget_type=\"google_maps.default\">\n\t\t\t\t<div class=\"elementor-widget-container\">\n\t\t\t<style>\/*! elementor - v3.6.6 - 08-06-2022 *\/\n.elementor-widget-google_maps .elementor-widget-container{overflow:hidden}.elementor-widget-google_maps iframe{height:300px}<\/style>\t\t<div class=\"elementor-custom-embed\">\n\t\t\t<iframe frameborder=\"0\" scrolling=\"no\" marginheight=\"0\" marginwidth=\"0\" src=\"https:\/\/maps.google.com\/maps?q=bal%C4%B1kesir%20%C3%BCniversitesi%20teknopark&amp;t=m&amp;z=10&amp;output=embed&amp;iwloc=near\" title=\"bal?kesir &uuml;niversitesi teknopark\" aria-label=\"bal?kesir &uuml;niversitesi teknopark\"><\/iframe>\n\t\t<\/div>\n\t\t\t\t<\/div>\n\t\t\t\t<\/div>\n\t\t\t\t\t<\/div>\n\t\t<\/div>\n\t\t\t\t\t\t\t<\/div>\n\t\t<\/section>\n\t\t\t\t<section class=\"elementor-section elementor-top-section elementor-element elementor-element-3b95d3f elementor-section-boxed elementor-section-height-default elementor-section-height-default\" data-id=\"3b95d3f\" data-element_type=\"section\">\n\t\t\t\t\t\t<div class=\"elementor-container elementor-column-gap-default\">\n\t\t\t\t\t<div class=\"elementor-column elementor-col-100 elementor-top-column elementor-element elementor-element-cb5df85\" data-id=\"cb5df85\" data-element_type=\"column\">\n\t\t\t<div class=\"elementor-widget-wrap elementor-element-populated\">\n\t\t\t\t\t\t\t\t<div class=\"elementor-element elementor-element-2336f5a elementor-widget__width-auto elementor-widget elementor-widget-heading\" data-id=\"2336f5a\" data-element_type=\"widget\" data-widget_type=\"heading.default\">\n\t\t\t\t<div class=\"elementor-widget-container\">\n\t\t\t<h2 class=\"elementor-heading-title elementor-size-default\">Contact Form<\/h2>\t\t<\/div>\n\t\t\t\t<\/div>\n\t\t\t\t\t<\/div>\n\t\t<\/div>\n\t\t\t\t\t\t\t<\/div>\n\t\t<\/section>\n\t\t\t\t<section class=\"elementor-section elementor-top-section elementor-element elementor-element-5a5d885 elementor-section-boxed elementor-section-height-default elementor-section-height-default elementor-invisible\" data-id=\"5a5d885\" data-element_type=\"section\" id=\"iletisim-formu\" data-settings='{\"animation\":\"fadeInUp\"}'>\n\t\t\t\t\t\t<div class=\"elementor-container elementor-column-gap-default\">\n\t\t\t\t\t<div class=\"elementor-column elementor-col-100 elementor-top-column elementor-element elementor-element-dbaf9bf\" data-id=\"dbaf9bf\" data-element_type=\"column\">\n\t\t\t<div class=\"elementor-widget-wrap elementor-element-populated\">\n\t\t\t\t\t\t\t\t<div class=\"elementor-element elementor-element-a987387 elementor-widget elementor-widget-wpforms\" data-id=\"a987387\" data-element_type=\"widget\" data-no-translation=\"\" data-widget_type=\"wpforms.default\">\n\t\t\t\t<div class=\"elementor-widget-container\">\n\t\t\t<style>.elementor-element-a987387{display:none !important}<\/style>\t\t<\/div>\n\t\t\t\t<\/div>\n\t\t\t\t\t<\/div>\n\t\t<\/div>\n\t\t\t\t\t\t\t<\/div>\n\t\t<\/section>\n\t\t\t\t<section class=\"elementor-section elementor-top-section elementor-element elementor-element-4fb0043 elementor-section-boxed elementor-section-height-default elementor-section-height-default\" data-id=\"4fb0043\" data-element_type=\"section\">\n\t\t\t\t\t\t<div class=\"elementor-container elementor-column-gap-default\">\n\t\t\t\t\t<div class=\"elementor-column elementor-col-100 elementor-top-column elementor-element elementor-element-fc3948b\" data-id=\"fc3948b\" data-element_type=\"column\">\n\t\t\t<div class=\"elementor-widget-wrap elementor-element-populated\">\n\t\t\t\t\t\t\t\t<div class=\"elementor-element elementor-element-7079df2 elementor-widget elementor-widget-wpforms\" data-id=\"7079df2\" data-element_type=\"widget\" data-no-translation=\"\" data-widget_type=\"wpforms.default\">\n\t\t\t\t<div class=\"elementor-widget-container\">\n\t\t\t<div class=\"wpforms-container wpforms-container-full\" id=\"wpforms-11606\"><form id=\"wpforms-form-11606\" class=\"wpforms-validate wpforms-form wpforms-ajax-form\" data-formid=\"11606\" method=\"post\" enctype=\"multipart\/form-data\" action=\"\/en\/wp-json\/wp\/v2\/pages\/18\" data-token=\"c3dfdded402f296623b953957784282f\" data-token-time=\"1776482647\" data-trp-original-action=\"\/en\/wp-json\/wp\/v2\/pages\/18\"><noscript class=\"wpforms-error-noscript\" data-no-translation=\"\" data-trp-gettext=\"\">Please enable JavaScript in your browser to complete this form.<\/noscript><div class=\"wpforms-field-container\"><div id=\"wpforms-11606-field_0-container\" class=\"wpforms-field wpforms-field-name\" data-field-id=\"0\"><label class=\"wpforms-field-label\" for=\"wpforms-11606-field_0\">Name Surname <span class=\"wpforms-required-label\">*<\/span><\/label><input type=\"text\" id=\"wpforms-11606-field_0\" class=\"wpforms-field-medium wpforms-field-required\" name=\"wpforms[fields][0]\" required><\/div><div id=\"wpforms-11606-field_1-container\" class=\"wpforms-field wpforms-field-email\" data-field-id=\"1\"><label class=\"wpforms-field-label\" for=\"wpforms-11606-field_1\">Email <span class=\"wpforms-required-label\">*<\/span><\/label><input type=\"email\" id=\"wpforms-11606-field_1\" class=\"wpforms-field-medium wpforms-field-required\" name=\"wpforms[fields][1]\" spellcheck=\"false\" required><\/div><div id=\"wpforms-11606-field_3-container\" class=\"wpforms-field wpforms-field-select wpforms-field-select-style-classic\" data-field-id=\"3\"><label class=\"wpforms-field-label\" for=\"wpforms-11606-field_3\">Choose a Topic<\/label><select id=\"wpforms-11606-field_3\" class=\"wpforms-field-medium\" name=\"wpforms[fields][3]\"><option value=\"Job Application\" class=\"choice-1 depth-1\">Job Application<\/option><option value=\"Information Request\" class=\"choice-3 depth-1\">Information Request<\/option><option value=\"Other\" class=\"choice-5 depth-1\">Other<\/option><\/select><\/div><div id=\"wpforms-11606-field_2-container\" class=\"wpforms-field wpforms-field-textarea\" data-field-id=\"2\"><label class=\"wpforms-field-label\" for=\"wpforms-11606-field_2\">Your Message <span class=\"wpforms-required-label\">*<\/span><\/label><textarea id=\"wpforms-11606-field_2\" class=\"wpforms-field-medium wpforms-field-required\" name=\"wpforms[fields][2]\" required><\/textarea><\/div><\/div><!-- .wpforms-field-container --><div class=\"wpforms-submit-container\"><input type=\"hidden\" name=\"wpforms[id]\" value=\"11606\"><input type=\"hidden\" name=\"page_title\" value=\"\"><input type=\"hidden\" name=\"page_url\" value=\"https:\/\/tangotech.com.tr\/en\/wp-json\/wp\/v2\/pages\/18\"><input type=\"hidden\" name=\"url_referer\" value=\"\"><button type=\"submit\" name=\"wpforms[submit]\" id=\"wpforms-submit-11606\" class=\"wpforms-submit\" data-alt-text=\"Sending...\" data-submit-text=\"Send\" aria-live=\"assertive\" value=\"wpforms-submit\">Send<\/button><img loading=\"lazy\" decoding=\"async\" src=\"https:\/\/tangotech.com.tr\/wp-content\/plugins\/wpforms-lite\/assets\/images\/submit-spin.svg\" class=\"wpforms-submit-spinner\" style=\"display: none;\" width=\"26\" height=\"26\" alt=\"Loading\" data-no-translation-alt=\"\"><\/div><input type=\"hidden\" name=\"trp-form-language\" value=\"en\"\/><\/form><\/div>  <!-- .wpforms-container -->\t\t<\/div>\n\t\t\t\t<\/div>\n\t\t\t\t\t<\/div>\n\t\t<\/div>\n\t\t\t\t\t\t\t<\/div>\n\t\t<\/section>\n\t\t\t\t\t\t\t<\/div>","protected":false},"excerpt":{"rendered":"<p>Adres Bilgilerimiz Adresimiz Bal?kesir &Uuml;niversitesi &Ccedil;a??? Yerle?kesi, Alt?eyl&uuml;l\/Bal?kesir ?leti?im Bilgileri +90 266 612 12 00 info@tangotech.com.tr ?leti?im formu<\/p>","protected":false},"author":1,"featured_media":0,"parent":0,"menu_order":0,"comment_status":"closed","ping_status":"closed","template":"","meta":{"footnotes":""},"class_list":["post-18","page","type-page","status-publish","hentry","no-post-thumbnail"],"acf":[],"yoast_head":"<!-- This site is optimized with the Yoast SEO plugin v20.0 - https:\/\/yoast.com\/wordpress\/plugins\/seo\/ -->\n<title>TangoTech Limited<\/title>\n<meta name=\"description\" content=\"Firmam\u0131z\u0131n yerle\u015fkesi, Bal\u0131kesir \u00dcniversitesi Teknopark\u2018 ta olup \u00e7al\u0131\u015fanlar\u0131m\u0131z uzaktan \u00e7al\u0131\u015fma kapsam\u0131nda yurti\u00e7i veya yurtd\u0131\u015f\u0131nda\" \/>\n<meta name=\"robots\" content=\"index, follow, max-snippet:-1, max-image-preview:large, max-video-preview:-1\" \/>\n<link rel=\"canonical\" href=\"https:\/\/tangotech.com.tr\/en\/iletisim\/\" \/>\n<meta property=\"og:locale\" content=\"en_US\" \/>\n<meta property=\"og:type\" content=\"article\" \/>\n<meta property=\"og:title\" content=\"TangoTech Limited\" \/>\n<meta property=\"og:description\" content=\"Firmam\u0131z\u0131n yerle\u015fkesi, Bal\u0131kesir \u00dcniversitesi Teknopark\u2018 ta olup \u00e7al\u0131\u015fanlar\u0131m\u0131z uzaktan \u00e7al\u0131\u015fma kapsam\u0131nda yurti\u00e7i veya yurtd\u0131\u015f\u0131nda\" \/>\n<meta property=\"og:url\" content=\"https:\/\/tangotech.com.tr\/en\/iletisim\/\" \/>\n<meta property=\"og:site_name\" content=\"TangoTech\" \/>\n<meta property=\"article:modified_time\" content=\"2022-07-20T20:22:16+00:00\" \/>\n<meta name=\"twitter:card\" content=\"summary_large_image\" \/>\n<meta name=\"twitter:label1\" content=\"Est. reading time\" \/>\n\t<meta name=\"twitter:data1\" content=\"1 minute\" \/>\n<script type=\"application\/ld+json\" class=\"yoast-schema-graph\">{\"@context\":\"https:\/\/schema.org\",\"@graph\":[{\"@type\":\"WebPage\",\"@id\":\"https:\/\/tangotech.com.tr\/iletisim\/\",\"url\":\"https:\/\/tangotech.com.tr\/iletisim\/\",\"name\":\"TangoTech Limited\",\"isPartOf\":{\"@id\":\"https:\/\/tangotech.com.tr\/#website\"},\"datePublished\":\"2022-06-17T22:05:35+00:00\",\"dateModified\":\"2022-07-20T20:22:16+00:00\",\"description\":\"Firmam\u0131z\u0131n yerle\u015fkesi, Bal\u0131kesir \u00dcniversitesi Teknopark\u2018 ta olup \u00e7al\u0131\u015fanlar\u0131m\u0131z uzaktan \u00e7al\u0131\u015fma kapsam\u0131nda yurti\u00e7i veya yurtd\u0131\u015f\u0131nda\",\"breadcrumb\":{\"@id\":\"https:\/\/tangotech.com.tr\/iletisim\/#breadcrumb\"},\"inLanguage\":\"en-US\",\"potentialAction\":[{\"@type\":\"ReadAction\",\"target\":[\"https:\/\/tangotech.com.tr\/iletisim\/\"]}]},{\"@type\":\"BreadcrumbList\",\"@id\":\"https:\/\/tangotech.com.tr\/iletisim\/#breadcrumb\",\"itemListElement\":[{\"@type\":\"ListItem\",\"position\":1,\"name\":\"Anasayfa\",\"item\":\"https:\/\/tangotech.com.tr\/\"},{\"@type\":\"ListItem\",\"position\":2,\"name\":\"\u0130leti\u015fim\"}]},{\"@type\":\"WebSite\",\"@id\":\"https:\/\/tangotech.com.tr\/#website\",\"url\":\"https:\/\/tangotech.com.tr\/\",\"name\":\"TangoTech\",\"description\":\"Bankac\u0131l\u0131k Yaz\u0131l\u0131mlar\u0131 Dan\u0131\u015fmanl\u0131k Hizmetleri\",\"publisher\":{\"@id\":\"https:\/\/tangotech.com.tr\/#organization\"},\"potentialAction\":[{\"@type\":\"SearchAction\",\"target\":{\"@type\":\"EntryPoint\",\"urlTemplate\":\"https:\/\/tangotech.com.tr\/?s={search_term_string}\"},\"query-input\":\"required name=search_term_string\"}],\"inLanguage\":\"en-US\"},{\"@type\":\"Organization\",\"@id\":\"https:\/\/tangotech.com.tr\/#organization\",\"name\":\"TangoTech\",\"url\":\"https:\/\/tangotech.com.tr\/\",\"logo\":{\"@type\":\"ImageObject\",\"inLanguage\":\"en-US\",\"@id\":\"https:\/\/tangotech.com.tr\/#\/schema\/logo\/image\/\",\"url\":\"https:\/\/tangotech.com.tr\/wp-content\/uploads\/2022\/06\/tango-tech-zector-bold-1.png\",\"contentUrl\":\"https:\/\/tangotech.com.tr\/wp-content\/uploads\/2022\/06\/tango-tech-zector-bold-1.png\",\"width\":706,\"height\":324,\"caption\":\"TangoTech\"},\"image\":{\"@id\":\"https:\/\/tangotech.com.tr\/#\/schema\/logo\/image\/\"}}]}<\/script>\n<!-- \/ Yoast SEO plugin. -->","yoast_head_json":{"title":"TangoTech Limited","description":"Firmam\u0131z\u0131n yerle\u015fkesi, Bal\u0131kesir \u00dcniversitesi Teknopark\u2018 ta olup \u00e7al\u0131\u015fanlar\u0131m\u0131z uzaktan \u00e7al\u0131\u015fma kapsam\u0131nda yurti\u00e7i veya yurtd\u0131\u015f\u0131nda","robots":{"index":"index","follow":"follow","max-snippet":"max-snippet:-1","max-image-preview":"max-image-preview:large","max-video-preview":"max-video-preview:-1"},"canonical":"https:\/\/tangotech.com.tr\/en\/iletisim\/","og_locale":"en_US","og_type":"article","og_title":"TangoTech Limited","og_description":"Firmam\u0131z\u0131n yerle\u015fkesi, Bal\u0131kesir \u00dcniversitesi Teknopark\u2018 ta olup \u00e7al\u0131\u015fanlar\u0131m\u0131z uzaktan \u00e7al\u0131\u015fma kapsam\u0131nda yurti\u00e7i veya yurtd\u0131\u015f\u0131nda","og_url":"https:\/\/tangotech.com.tr\/en\/iletisim\/","og_site_name":"TangoTech","article_modified_time":"2022-07-20T20:22:16+00:00","twitter_card":"summary_large_image","twitter_misc":{"Est. reading time":"1 minute"},"schema":{"@context":"https:\/\/schema.org","@graph":[{"@type":"WebPage","@id":"https:\/\/tangotech.com.tr\/iletisim\/","url":"https:\/\/tangotech.com.tr\/iletisim\/","name":"TangoTech Limited","isPartOf":{"@id":"https:\/\/tangotech.com.tr\/#website"},"datePublished":"2022-06-17T22:05:35+00:00","dateModified":"2022-07-20T20:22:16+00:00","description":"Firmam\u0131z\u0131n yerle\u015fkesi, Bal\u0131kesir \u00dcniversitesi Teknopark\u2018 ta olup \u00e7al\u0131\u015fanlar\u0131m\u0131z uzaktan \u00e7al\u0131\u015fma kapsam\u0131nda yurti\u00e7i veya yurtd\u0131\u015f\u0131nda","breadcrumb":{"@id":"https:\/\/tangotech.com.tr\/iletisim\/#breadcrumb"},"inLanguage":"en-US","potentialAction":[{"@type":"ReadAction","target":["https:\/\/tangotech.com.tr\/iletisim\/"]}]},{"@type":"BreadcrumbList","@id":"https:\/\/tangotech.com.tr\/iletisim\/#breadcrumb","itemListElement":[{"@type":"ListItem","position":1,"name":"Anasayfa","item":"https:\/\/tangotech.com.tr\/"},{"@type":"ListItem","position":2,"name":"\u0130leti\u015fim"}]},{"@type":"WebSite","@id":"https:\/\/tangotech.com.tr\/#website","url":"https:\/\/tangotech.com.tr\/","name":"TangoTech","description":"Bankac\u0131l\u0131k Yaz\u0131l\u0131mlar\u0131 Dan\u0131\u015fmanl\u0131k Hizmetleri","publisher":{"@id":"https:\/\/tangotech.com.tr\/#organization"},"potentialAction":[{"@type":"SearchAction","target":{"@type":"EntryPoint","urlTemplate":"https:\/\/tangotech.com.tr\/?s={search_term_string}"},"query-input":"required name=search_term_string"}],"inLanguage":"en-US"},{"@type":"Organization","@id":"https:\/\/tangotech.com.tr\/#organization","name":"TangoTech","url":"https:\/\/tangotech.com.tr\/","logo":{"@type":"ImageObject","inLanguage":"en-US","@id":"https:\/\/tangotech.com.tr\/#\/schema\/logo\/image\/","url":"https:\/\/tangotech.com.tr\/wp-content\/uploads\/2022\/06\/tango-tech-zector-bold-1.png","contentUrl":"https:\/\/tangotech.com.tr\/wp-content\/uploads\/2022\/06\/tango-tech-zector-bold-1.png","width":706,"height":324,"caption":"TangoTech"},"image":{"@id":"https:\/\/tangotech.com.tr\/#\/schema\/logo\/image\/"}}]}},"_links":{"self":[{"href":"https:\/\/tangotech.com.tr\/en\/wp-json\/wp\/v2\/pages\/18","targetHints":{"allow":["GET"]}}],"collection":[{"href":"https:\/\/tangotech.com.tr\/en\/wp-json\/wp\/v2\/pages"}],"about":[{"href":"https:\/\/tangotech.com.tr\/en\/wp-json\/wp\/v2\/types\/page"}],"author":[{"embeddable":true,"href":"https:\/\/tangotech.com.tr\/en\/wp-json\/wp\/v2\/users\/1"}],"replies":[{"embeddable":true,"href":"https:\/\/tangotech.com.tr\/en\/wp-json\/wp\/v2\/comments?post=18"}],"version-history":[{"count":78,"href":"https:\/\/tangotech.com.tr\/en\/wp-json\/wp\/v2\/pages\/18\/revisions"}],"predecessor-version":[{"id":11791,"href":"https:\/\/tangotech.com.tr\/en\/wp-json\/wp\/v2\/pages\/18\/revisions\/11791"}],"wp:attachment":[{"href":"https:\/\/tangotech.com.tr\/en\/wp-json\/wp\/v2\/media?parent=18"}],"curies":[{"name":"wp","href":"https:\/\/api.w.org\/{rel}","templated":true}]}}